{"id":10,"date":"2025-03-24T12:21:39","date_gmt":"2025-03-24T11:21:39","guid":{"rendered":"https:\/\/roz.no\/about\/"},"modified":"2025-03-24T17:52:52","modified_gmt":"2025-03-24T16:52:52","slug":"about","status":"publish","type":"page","link":"https:\/\/roz.no\/?page_id=10","title":{"rendered":""},"content":{"rendered":"\n<div class=\"wp-block-group alignfull is-style-section-3 is-layout-flow wp-block-group-is-layout-flow\" id=\"about-section\" style=\"margin-top:0;margin-bottom:0\">\n<div class=\"wp-block-group alignfull has-global-padding is-layout-constrained wp-container-core-group-is-layout-ce7c43c3 wp-block-group-is-layout-constrained\" style=\"margin-top:0;margin-bottom:0;padding-top:var(--wp--preset--spacing--50);padding-bottom:var(--wp--preset--spacing--50)\">\n<div class=\"wp-block-group has-global-padding is-layout-constrained wp-container-core-group-is-layout-c604f03a wp-block-group-is-layout-constrained\">\n<h2 class=\"wp-block-heading has-text-align-center\">Om oss<\/h2>\n\n\n\n<p class=\"has-text-align-center wp-block-paragraph\">Roz Produksjon ble stiftet i 2014 av Jon Anders Aagaard. Siden den gang har vi levert teknisk produksjon til mange hundretalls konserter og arrangementer. Vi spesialiserer oss p\u00e5 lyd til konserter og turn\u00e9er. Vi leverer ogs\u00e5 til eventer for n\u00e6ringsliv, selskap, julebord, og andre arrangement.<\/p>\n<\/div>\n\n\n\n<figure class=\"wp-block-image aligncenter size-full is-resized\"><img data-recalc-dims=\"1\" fetchpriority=\"high\" decoding=\"async\" width=\"1152\" height=\"866\" data-attachment-id=\"98\" data-permalink=\"https:\/\/roz.no\/?attachment_id=98\" data-orig-file=\"https:\/\/i0.wp.com\/roz.no\/wp-content\/uploads\/2025\/03\/72c978b3-41c7-4941-91db-03e9b3cea77c.webp?fit=1152%2C866&amp;ssl=1\" data-orig-size=\"1152,866\" data-comments-opened=\"1\" data-image-meta=\"{&quot;aperture&quot;:&quot;0&quot;,&quot;credit&quot;:&quot;&quot;,&quot;camera&quot;:&quot;&quot;,&quot;caption&quot;:&quot;&quot;,&quot;created_timestamp&quot;:&quot;0&quot;,&quot;copyright&quot;:&quot;&quot;,&quot;focal_length&quot;:&quot;0&quot;,&quot;iso&quot;:&quot;0&quot;,&quot;shutter_speed&quot;:&quot;0&quot;,&quot;title&quot;:&quot;&quot;,&quot;orientation&quot;:&quot;0&quot;}\" data-image-title=\"72c978b3-41c7-4941-91db-03e9b3cea77c\" data-image-description=\"\" data-image-caption=\"\" data-large-file=\"https:\/\/i0.wp.com\/roz.no\/wp-content\/uploads\/2025\/03\/72c978b3-41c7-4941-91db-03e9b3cea77c.webp?fit=1024%2C770&amp;ssl=1\" src=\"https:\/\/i0.wp.com\/roz.no\/wp-content\/uploads\/2025\/03\/72c978b3-41c7-4941-91db-03e9b3cea77c.webp?resize=1152%2C866&#038;ssl=1\" alt=\"\" class=\"wp-image-98\" style=\"width:366px;height:auto\" srcset=\"https:\/\/i0.wp.com\/roz.no\/wp-content\/uploads\/2025\/03\/72c978b3-41c7-4941-91db-03e9b3cea77c.webp?w=1152&amp;ssl=1 1152w, https:\/\/i0.wp.com\/roz.no\/wp-content\/uploads\/2025\/03\/72c978b3-41c7-4941-91db-03e9b3cea77c.webp?resize=300%2C226&amp;ssl=1 300w, https:\/\/i0.wp.com\/roz.no\/wp-content\/uploads\/2025\/03\/72c978b3-41c7-4941-91db-03e9b3cea77c.webp?resize=1024%2C770&amp;ssl=1 1024w, https:\/\/i0.wp.com\/roz.no\/wp-content\/uploads\/2025\/03\/72c978b3-41c7-4941-91db-03e9b3cea77c.webp?resize=768%2C577&amp;ssl=1 768w\" sizes=\"(max-width: 1000px) 100vw, 1000px\" \/><figcaption class=\"wp-element-caption\">12616962<\/figcaption><\/figure>\n<\/div>\n\n\n\n<div class=\"wp-block-group alignfull is-style-section-1 has-global-padding is-content-justification-center is-layout-constrained wp-block-group-is-layout-constrained\" style=\"margin-top:0;margin-bottom:0;padding-top:var(--wp--preset--spacing--60);padding-bottom:var(--wp--preset--spacing--60)\">\n<div class=\"wp-block-columns alignwide is-layout-flex wp-container-core-columns-is-layout-f431c180 wp-block-columns-is-layout-flex\">\n<div class=\"wp-block-column is-layout-flow wp-block-column-is-layout-flow\">\n<h3 class=\"wp-block-heading has-medium-font-size\">TEknisk produksjon<\/h3>\n\n\n\n<p class=\"wp-block-paragraph\"><br>V\u00e5re omfattende eventl\u00f8sninger inkluderer lyd-, lys- og scenetjenester som tilpasses ulike artister og arrangementer. Vi fokuserer p\u00e5 kvalitet og p\u00e5litelighet, og sikrer vellykkede resultater for enhver produksjon.<\/p>\n<\/div>\n\n\n\n<div class=\"wp-block-column is-layout-flow wp-block-column-is-layout-flow\">\n<h3 class=\"wp-block-heading has-medium-font-size\">Teknisk Ekspertise<\/h3>\n\n\n\n<p class=\"wp-block-paragraph\"><br>V\u00e5rt teams tekniske ekspertise garanterer at alle aspekter av ditt arrangement h\u00e5ndteres profesjonelt, fra oppsett til gjennomf\u00f8ring. Vi streber etter perfeksjon i hvert prosjekt.<\/p>\n<\/div>\n\n\n\n<div class=\"wp-block-column is-layout-flow wp-block-column-is-layout-flow\">\n<h3 class=\"wp-block-heading has-medium-font-size\">Kunden i fokus<\/h3>\n\n\n\n<p class=\"wp-block-paragraph\"><br>Vi prioriterer v\u00e5re kunders behov og tilbyr skreddersydde l\u00f8sninger for \u00e5 oppfylle spesifikke krav til arrangementet. Din visjon er v\u00e5r oppgave \u00e5 virkeliggj\u00f8re<\/p>\n<\/div>\n<\/div>\n<\/div>\n\n\n\n<div class=\"wp-block-group alignfull has-global-padding is-content-justification-center is-layout-constrained wp-block-group-is-layout-constrained\" style=\"margin-top:0;margin-bottom:0;padding-top:var(--wp--preset--spacing--40);padding-bottom:var(--wp--preset--spacing--40)\">\n<div class=\"wp-block-columns alignwide is-layout-flex wp-container-core-columns-is-layout-79fb870f wp-block-columns-is-layout-flex\">\n<div class=\"wp-block-column is-vertically-aligned-center has-global-padding is-content-justification-left is-layout-constrained wp-container-core-column-is-layout-70842217 wp-block-column-is-layout-constrained\">\n<h3 class=\"wp-block-heading has-large-font-size\">Jon Anders Aagaard<\/h3>\n\n\n\n<p class=\"wp-block-paragraph\">Tlf: + 47 997 01 955<\/p>\n\n\n\n<p class=\"wp-block-paragraph\">Mail: <a href=\"mailto:ja@roz.no\">ja@roz.no<\/a><\/p>\n<\/div>\n\n\n\n<div class=\"wp-block-column is-vertically-aligned-bottom is-layout-flow wp-block-column-is-layout-flow\">\n<figure class=\"wp-block-image size-full\"><img data-recalc-dims=\"1\" decoding=\"async\" width=\"2316\" height=\"2784\" data-attachment-id=\"73\" data-permalink=\"https:\/\/roz.no\/?attachment_id=73\" data-orig-file=\"https:\/\/i0.wp.com\/roz.no\/wp-content\/uploads\/2025\/03\/IMG_0394.jpeg?fit=2316%2C2784&amp;ssl=1\" data-orig-size=\"2316,2784\" data-comments-opened=\"1\" data-image-meta=\"{&quot;aperture&quot;:&quot;2.2&quot;,&quot;credit&quot;:&quot;&quot;,&quot;camera&quot;:&quot;iPhone 11 Pro Max&quot;,&quot;caption&quot;:&quot;&quot;,&quot;created_timestamp&quot;:&quot;1732464315&quot;,&quot;copyright&quot;:&quot;&quot;,&quot;focal_length&quot;:&quot;2.71&quot;,&quot;iso&quot;:&quot;1000&quot;,&quot;shutter_speed&quot;:&quot;0.058823529411765&quot;,&quot;title&quot;:&quot;&quot;,&quot;orientation&quot;:&quot;1&quot;}\" data-image-title=\"IMG_0394\" data-image-description=\"\" data-image-caption=\"\" data-large-file=\"https:\/\/i0.wp.com\/roz.no\/wp-content\/uploads\/2025\/03\/IMG_0394.jpeg?fit=852%2C1024&amp;ssl=1\" src=\"https:\/\/i0.wp.com\/roz.no\/wp-content\/uploads\/2025\/03\/IMG_0394.jpeg?resize=2316%2C2784&#038;ssl=1\" alt=\"\" class=\"wp-image-73\" style=\"aspect-ratio:1;object-fit:cover\" srcset=\"https:\/\/i0.wp.com\/roz.no\/wp-content\/uploads\/2025\/03\/IMG_0394.jpeg?w=2316&amp;ssl=1 2316w, https:\/\/i0.wp.com\/roz.no\/wp-content\/uploads\/2025\/03\/IMG_0394.jpeg?resize=250%2C300&amp;ssl=1 250w, https:\/\/i0.wp.com\/roz.no\/wp-content\/uploads\/2025\/03\/IMG_0394.jpeg?resize=852%2C1024&amp;ssl=1 852w, https:\/\/i0.wp.com\/roz.no\/wp-content\/uploads\/2025\/03\/IMG_0394.jpeg?resize=768%2C923&amp;ssl=1 768w, https:\/\/i0.wp.com\/roz.no\/wp-content\/uploads\/2025\/03\/IMG_0394.jpeg?resize=1278%2C1536&amp;ssl=1 1278w, https:\/\/i0.wp.com\/roz.no\/wp-content\/uploads\/2025\/03\/IMG_0394.jpeg?resize=1704%2C2048&amp;ssl=1 1704w, https:\/\/i0.wp.com\/roz.no\/wp-content\/uploads\/2025\/03\/IMG_0394.jpeg?w=2000&amp;ssl=1 2000w\" sizes=\"(max-width: 1000px) 100vw, 1000px\" \/><\/figure>\n<\/div>\n<\/div>\n<\/div>\n\n\n\n<div class=\"wp-block-group alignfull has-global-padding is-content-justification-center is-layout-constrained wp-block-group-is-layout-constrained\" style=\"margin-top:0;margin-bottom:0;padding-top:var(--wp--preset--spacing--40);padding-bottom:var(--wp--preset--spacing--40)\">\n<div class=\"wp-block-columns alignwide is-layout-flex wp-container-core-columns-is-layout-79fb870f wp-block-columns-is-layout-flex\">\n<div class=\"wp-block-column is-vertically-aligned-bottom is-layout-flow wp-block-column-is-layout-flow\">\n<figure class=\"wp-block-image size-full\"><img data-recalc-dims=\"1\" decoding=\"async\" width=\"2016\" height=\"2760\" data-attachment-id=\"74\" data-permalink=\"https:\/\/roz.no\/?attachment_id=74\" data-orig-file=\"https:\/\/i0.wp.com\/roz.no\/wp-content\/uploads\/2025\/03\/IMG_8040.jpeg?fit=2016%2C2760&amp;ssl=1\" data-orig-size=\"2016,2760\" data-comments-opened=\"1\" data-image-meta=\"{&quot;aperture&quot;:&quot;1.6&quot;,&quot;credit&quot;:&quot;&quot;,&quot;camera&quot;:&quot;iPhone 12&quot;,&quot;caption&quot;:&quot;&quot;,&quot;created_timestamp&quot;:&quot;1732468777&quot;,&quot;copyright&quot;:&quot;&quot;,&quot;focal_length&quot;:&quot;4.2&quot;,&quot;iso&quot;:&quot;800&quot;,&quot;shutter_speed&quot;:&quot;0.04&quot;,&quot;title&quot;:&quot;&quot;,&quot;orientation&quot;:&quot;1&quot;}\" data-image-title=\"IMG_8040\" data-image-description=\"\" data-image-caption=\"\" data-large-file=\"https:\/\/i0.wp.com\/roz.no\/wp-content\/uploads\/2025\/03\/IMG_8040.jpeg?fit=748%2C1024&amp;ssl=1\" src=\"https:\/\/i0.wp.com\/roz.no\/wp-content\/uploads\/2025\/03\/IMG_8040.jpeg?resize=2016%2C2760&#038;ssl=1\" alt=\"\" class=\"wp-image-74\" style=\"aspect-ratio:1;object-fit:cover\" srcset=\"https:\/\/i0.wp.com\/roz.no\/wp-content\/uploads\/2025\/03\/IMG_8040.jpeg?w=2016&amp;ssl=1 2016w, https:\/\/i0.wp.com\/roz.no\/wp-content\/uploads\/2025\/03\/IMG_8040.jpeg?resize=219%2C300&amp;ssl=1 219w, https:\/\/i0.wp.com\/roz.no\/wp-content\/uploads\/2025\/03\/IMG_8040.jpeg?resize=748%2C1024&amp;ssl=1 748w, https:\/\/i0.wp.com\/roz.no\/wp-content\/uploads\/2025\/03\/IMG_8040.jpeg?resize=768%2C1051&amp;ssl=1 768w, https:\/\/i0.wp.com\/roz.no\/wp-content\/uploads\/2025\/03\/IMG_8040.jpeg?resize=1122%2C1536&amp;ssl=1 1122w, https:\/\/i0.wp.com\/roz.no\/wp-content\/uploads\/2025\/03\/IMG_8040.jpeg?resize=1496%2C2048&amp;ssl=1 1496w\" sizes=\"(max-width: 1000px) 100vw, 1000px\" \/><\/figure>\n<\/div>\n\n\n\n<div class=\"wp-block-column is-vertically-aligned-center has-global-padding is-content-justification-left is-layout-constrained wp-container-core-column-is-layout-70842217 wp-block-column-is-layout-constrained\">\n<h3 class=\"wp-block-heading has-large-font-size\">H\u00e5vard fylsvik<\/h3>\n\n\n\n<p class=\"wp-block-paragraph\">Tlf: \u202d+47 473 22 022\u202c<\/p>\n\n\n\n<p class=\"wp-block-paragraph\">Mail: <a href=\"mailto:hf@roz.no\">hf@roz.no<\/a><\/p>\n<\/div>\n<\/div>\n<\/div>\n\n\n\n<div class=\"wp-block-group alignfull is-layout-flow wp-block-group-is-layout-flow\" style=\"margin-top:0;margin-bottom:0\"><\/div>\n<\/div>\n","protected":false},"excerpt":{"rendered":"<p>Om oss Roz Produksjon ble stiftet i 2014 av Jon Anders Aagaard. Siden den gang har vi levert teknisk produksjon til mange hundretalls konserter og arrangementer. Vi spesialiserer oss p\u00e5 lyd til konserter og turn\u00e9er. Vi leverer ogs\u00e5 til eventer for n\u00e6ringsliv, selskap, julebord, og andre arrangement. TEknisk produksjon V\u00e5re omfattende eventl\u00f8sninger inkluderer lyd-, lys- [&hellip;]<\/p>\n","protected":false},"author":137374564,"featured_media":0,"parent":0,"menu_order":1,"comment_status":"closed","ping_status":"closed","template":"","meta":{"_crdt_document":"","advanced_seo_description":"","jetpack_seo_html_title":"","jetpack_seo_noindex":false,"footnotes":""},"class_list":["post-10","page","type-page","status-publish","hentry"],"jetpack_likes_enabled":true,"jetpack_sharing_enabled":true,"jetpack_shortlink":"https:\/\/wp.me\/Pgrfed-a","jetpack-related-posts":[],"_links":{"self":[{"href":"https:\/\/roz.no\/index.php?rest_route=\/wp\/v2\/pages\/10","targetHints":{"allow":["GET"]}}],"collection":[{"href":"https:\/\/roz.no\/index.php?rest_route=\/wp\/v2\/pages"}],"about":[{"href":"https:\/\/roz.no\/index.php?rest_route=\/wp\/v2\/types\/page"}],"author":[{"embeddable":true,"href":"https:\/\/roz.no\/index.php?rest_route=\/wp\/v2\/users\/137374564"}],"replies":[{"embeddable":true,"href":"https:\/\/roz.no\/index.php?rest_route=%2Fwp%2Fv2%2Fcomments&post=10"}],"version-history":[{"count":8,"href":"https:\/\/roz.no\/index.php?rest_route=\/wp\/v2\/pages\/10\/revisions"}],"predecessor-version":[{"id":100,"href":"https:\/\/roz.no\/index.php?rest_route=\/wp\/v2\/pages\/10\/revisions\/100"}],"wp:attachment":[{"href":"https:\/\/roz.no\/index.php?rest_route=%2Fwp%2Fv2%2Fmedia&parent=10"}],"curies":[{"name":"wp","href":"https:\/\/api.w.org\/{rel}","templated":true}]}}